{"id":2067,"date":"2015-12-26T09:06:03","date_gmt":"2015-12-26T09:06:03","guid":{"rendered":"http:\/\/puzzlerbox.com\/levelup\/?page_id=2067"},"modified":"2024-01-19T22:46:39","modified_gmt":"2024-01-19T19:46:39","slug":"iletisimm","status":"publish","type":"page","link":"https:\/\/soyutkaravan.com\/en\/iletisimm\/","title":{"rendered":"Contact"},"content":{"rendered":"<div class=\"container row_section\"><div  class=\"vc_row wpb_row vc_row-fluid vc_column-gap-45 vc_row-69e4963eab0f2691804036\"   style=' text-align:left;'><div class=\"row-container container-fluid\"><div class=\"row-inner\"><div class=\"wpb_column vc_column_container vc_col-sm-12 vc_col-lg-8 vc_col-md-8 vc_col-xs-12 vc_column_container_69e4963eab960163235461\"><div class=\"vc_column-inner \"><div class=\"wpb_wrapper\"><div id=\"map_69e4963eaba81996822589\" style=\"height:350px\"><\/div>\r\n<script type=\"text\/javascript\">\r\njQuery( document ).ready(function( $ ) {\r\n\"use strict\";\r\n\r\n    var latlng = new google.maps.LatLng(39.714699778802355 , 32.30245485367141);\r\n\r\n    var options = {\r\n        center: latlng,\r\n        scrollwheel: false,\r\n        mapTypeId: google.maps.MapTypeId.ROADMAP,\r\n        zoomControl: true,\r\n        styles: [{\"featureType\":\"administrative\",\"elementType\":\"labels.text.fill\",\"stylers\":[{\"color\":\"#444444\"}]},{\"featureType\":\"landscape\",\"elementType\":\"all\",\"stylers\":[{\"color\":\"#f2f2f2\"}]},{\"featureType\":\"poi\",\"elementType\":\"all\",\"stylers\":[{\"visibility\":\"off\"}]},{\"featureType\":\"road\",\"elementType\":\"all\",\"stylers\":[{\"saturation\":-100},{\"lightness\":45}]},{\"featureType\":\"road.highway\",\"elementType\":\"all\",\"stylers\":[{\"visibility\":\"simplified\"}]},{\"featureType\":\"road.arterial\",\"elementType\":\"labels.icon\",\"stylers\":[{\"visibility\":\"off\"}]},{\"featureType\":\"transit\",\"elementType\":\"all\",\"stylers\":[{\"visibility\":\"off\"}]},{\"featureType\":\"water\",\"elementType\":\"all\",\"stylers\":[{\"color\":\"#46bcec\"},{\"visibility\":\"on\"}]}],\r\n\r\n        zoomControlOptions:\r\n        {\r\n            style: google.maps.ZoomControlStyle.SMALL,\r\n            position: google.maps.ControlPosition.TOP_LEFT\r\n        },\r\n        mapTypeControl: true,\r\n        mapTypeControlOptions:\r\n        {\r\n            style: google.maps.MapTypeControlStyle.HORIZONTAL_BAR,\r\n            position: google.maps.ControlPosition.TOP_RIGHT\r\n        },\r\n        scaleControl: true,\r\n        scaleControlOptions:\r\n        {\r\n            position: google.maps.ControlPosition.TOP_LEFT\r\n        },\r\n        streetViewControl: true,\r\n        streetViewControlOptions:\r\n        {\r\n            position: google.maps.ControlPosition.TOP_LEFT\r\n        },\r\n        panControl: false,\r\n        zoom: 15\r\n    };\r\n\r\n    var map_div = document.getElementById(\"map_69e4963eaba81996822589\");\r\n    var map = new google.maps.Map(map_div, options);\r\n    if(typeof rdyGlobals != 'undefined' && rdyGlobals.isMobile) map.setOptions({ 'draggable': false });\r\n    var marker = new google.maps.Marker({\r\n        position: latlng,\r\n        icon: '',\r\n        map: map\r\n    });\r\n\r\n    $('.wpb_tabs_nav li a').on('click', function() {\r\n        setTimeout(function(){\r\n            google.maps.event.trigger(map, 'resize');\r\n            map.setCenter(latlng);\r\n        }, 50);\r\n    });\r\n\r\n});\r\n<\/script><\/div><\/div><\/div><div class=\"wpb_column vc_column_container vc_col-sm-12 vc_col-lg-4 vc_col-md-4 vc_col-xs-12 vc_column_container_69e4963eac1b0389945814\"><div class=\"vc_column-inner \"><div class=\"wpb_wrapper\"><div class=\"vc_custom_heading vc_custom_1557061832330 vc_custom_heading_69e4963eac67e602056645\" ><h2 style=\"font-size: 24px;color: #333333;text-align: left;font-family:Open Sans;font-weight:800;font-style:normal\"><span class=\"hilight\"  >\u0130leti\u015fim Bilgilerimiz<\/span><\/h2><\/div>\n\t<div class=\"wpb_text_column_1 wpb_text_column wpb_content_element  vc_custom_1554709062447\">\n\t\t<div class=\"wpb_wrapper\" >\n\t\t\t<p>A\u015fa\u011f\u0131daki ileti\u015fim bilgilerinden bizlere ula\u015fabilir; projelerimiz, hizmetlerimiz ve \u00fcr\u00fcnlerimiz hakk\u0131nda detayl\u0131 bilgi alabilirsiniz.<\/p>\n\n\t\t<\/div> \n\t<\/div> \n\t<div class=\"wpb_text_column_2 wpb_text_column wpb_content_element  vc_custom_1557061858790\">\n\t\t<div class=\"wpb_wrapper\" >\n\t\t\t<p><strong>Adres:<br \/>\n<\/strong>Eski\u015fehir Yolu 55. Km No:24 Temelli \/ Ankara<\/p>\n\n\t\t<\/div> \n\t<\/div> \n\t<div class=\"wpb_text_column_3 wpb_text_column wpb_content_element  vc_custom_1700252611008\">\n\t\t<div class=\"wpb_wrapper\" >\n\t\t\t<p><strong>Telefon: <\/strong>+90 850 420 11 11<\/p>\n<p><strong>Fax: <\/strong>+ 90 312 646 50 70<\/p>\n<p><strong>E-posta:<\/strong> <a href=\"mailto:info@soyutkaravan.com\">info@soyutkaravan.com<\/a><\/p>\n\n\t\t<\/div> \n\t<\/div> <\/div><\/div><\/div><\/div><\/div><\/div><\/div><div class=\"container-fluid row_section\"><div  class=\"vc_row wpb_row vc_row-fluid vc_custom_1492177150573 vc_row-has-fill vc_column-gap-30 vc_row-69e4963eacaef140030892\"   style=' text-align:left;'><div class=\"row-container container\"><div class=\"row-inner\"><div class=\"wpb_column vc_column_container vc_col-sm-12 vc_column_container_69e4963eacbce171356363\"><div class=\"vc_column-inner \"><div class=\"wpb_wrapper\"><div class=\"vc_custom_heading vc_custom_1554709072053 vc_custom_heading_69e4963eacccf001209860\" ><h2 style=\"font-size: 40px;color: #333333;line-height: 140% !important;text-align: left;font-family:Open Sans;font-weight:800;font-style:normal\" class=\"responsive-h5\"><span class=\"hilight\"  >Mesaj G\u00f6nderin<\/span><\/h2><\/div>\n<div class=\"wpcf7 no-js\" id=\"wpcf7-f6405-o1\" lang=\"en-US\" dir=\"ltr\" data-wpcf7-id=\"6405\">\n<div class=\"screen-reader-response\"><p role=\"status\" aria-live=\"polite\" aria-atomic=\"true\"><\/p> <ul><\/ul><\/div>\n<form action=\"\/en\/wp-json\/wp\/v2\/pages\/2067#wpcf7-f6405-o1\" method=\"post\" class=\"wpcf7-form init style-3\" aria-label=\"Contact form\" novalidate=\"novalidate\" data-status=\"init\">\n<fieldset class=\"hidden-fields-container\"><input type=\"hidden\" name=\"_wpcf7\" value=\"6405\" \/><input type=\"hidden\" name=\"_wpcf7_version\" value=\"6.1.5\" \/><input type=\"hidden\" name=\"_wpcf7_locale\" value=\"en_US\" \/><input type=\"hidden\" name=\"_wpcf7_unit_tag\" value=\"wpcf7-f6405-o1\" \/><input type=\"hidden\" name=\"_wpcf7_container_post\" value=\"0\" \/><input type=\"hidden\" name=\"_wpcf7_posted_data_hash\" value=\"\" \/>\n<\/fieldset>\n<div class=\"row\">\n\t<div class=\"col-sm-6\">\n\t\t<p><span class=\"wpcf7-form-control-wrap\" data-name=\"your-name\"><input size=\"40\" maxlength=\"400\" class=\"wpcf7-form-control wpcf7-text wpcf7-validates-as-required\" aria-required=\"true\" aria-invalid=\"false\" value=\"\" type=\"text\" name=\"your-name\" \/><\/span><label>\u0130sim Soyisim (zorunlu)<\/label>\n\t\t<\/p>\n\t<\/div>\n\t<div class=\"col-sm-6\">\n\t\t<p><span class=\"wpcf7-form-control-wrap\" data-name=\"your-email\"><input size=\"40\" maxlength=\"400\" class=\"wpcf7-form-control wpcf7-email wpcf7-validates-as-required wpcf7-text wpcf7-validates-as-email\" aria-required=\"true\" aria-invalid=\"false\" value=\"\" type=\"email\" name=\"your-email\" \/><\/span><label>E-posta (zorunlu)<\/label>\n\t\t<\/p>\n\t<\/div>\n\t<div class=\"col-sm-6\">\n\t\t<p><span class=\"wpcf7-form-control-wrap\" data-name=\"your-subject\"><input size=\"40\" maxlength=\"400\" class=\"wpcf7-form-control wpcf7-text\" aria-invalid=\"false\" value=\"\" type=\"text\" name=\"your-subject\" \/><\/span><label>Telefon<\/label>\n\t\t<\/p>\n\t<\/div>\n\t<div class=\"col-sm-6\">\n\t\t<p><span class=\"wpcf7-form-control-wrap\" data-name=\"your-subject\"><input size=\"40\" maxlength=\"400\" class=\"wpcf7-form-control wpcf7-text\" aria-invalid=\"false\" value=\"\" type=\"text\" name=\"your-subject\" \/><\/span><label>Konu<\/label>\n\t\t<\/p>\n\t<\/div>\n\t<div class=\"col-sm-12\">\n\t\t<p><span class=\"wpcf7-form-control-wrap\" data-name=\"your-message\"><textarea cols=\"40\" rows=\"10\" maxlength=\"2000\" class=\"wpcf7-form-control wpcf7-textarea\" aria-invalid=\"false\" name=\"your-message\"><\/textarea><\/span><label>Mesaj\u0131n\u0131z<\/label>\n\t\t<\/p>\n\t<\/div>\n\t<div class=\"col-sm-12\">\n\t\t<p><input class=\"wpcf7-form-control wpcf7-submit has-spinner\" type=\"submit\" value=\"G\u00f6nder\" \/>\n\t\t<\/p>\n\t<\/div>\n<\/div><p style=\"display: none !important;\" class=\"akismet-fields-container\" data-prefix=\"_wpcf7_ak_\"><label>&#916;<textarea name=\"_wpcf7_ak_hp_textarea\" cols=\"45\" rows=\"8\" maxlength=\"100\"><\/textarea><\/label><input type=\"hidden\" id=\"ak_js_1\" name=\"_wpcf7_ak_js\" value=\"142\"\/><script>document.getElementById( \"ak_js_1\" ).setAttribute( \"value\", ( new Date() ).getTime() );<\/script><\/p><div class=\"wpcf7-response-output\" aria-hidden=\"true\"><\/div>\n<\/form>\n<\/div>\n<\/div><\/div><\/div><\/div><\/div><\/div><\/div>\n","protected":false},"excerpt":{"rendered":"jQuery( document ).ready(function( $ ) { \"use strict\"; var latlng = new google.maps.LatLng(39.714699778802355 , 32.30245485367141); var options = { center: latlng, scrollwheel: false, mapTypeId: google.maps.MapTypeId.ROADMAP, zoomControl: true, styles: [{\"featureType\":\"administrative\",\"elementType\":\"labels.text.fill\",\"stylers\":[{\"color\":\"#444444\"}]},{\"featureType\":\"landscape\",\"elementType\":\"all\",\"stylers\":[{\"color\":\"#f2f2f2\"}]},{\"featureType\":\"poi\",\"elementType\":\"all\",\"stylers\":[{\"visibility\":\"off\"}]},{\"featureType\":\"road\",\"elementType\":\"all\",\"stylers\":[{\"saturation\":-100},{\"lightness\":45}]},{\"featureType\":\"road.highway\",\"elementType\":\"all\",\"stylers\":[{\"visibility\":\"simplified\"}]},{\"featureType\":\"road.arterial\",\"elementType\":\"labels.icon\",\"stylers\":[{\"visibility\":\"off\"}]},{\"featureType\":\"transit\",\"elementType\":\"all\",\"stylers\":[{\"visibility\":\"off\"}]},{\"featureType\":\"water\",\"elementType\":\"all\",\"stylers\":[{\"color\":\"#46bcec\"},{\"visibility\":\"on\"}]}], zoomControlOptions: [...]","protected":false},"author":1,"featured_media":0,"parent":0,"menu_order":0,"comment_status":"closed","ping_status":"closed","template":"","meta":{"_monsterinsights_skip_tracking":false,"_monsterinsights_sitenote_active":false,"_monsterinsights_sitenote_note":"","_monsterinsights_sitenote_category":0,"footnotes":""},"class_list":["post-2067","page","type-page","status-publish","hentry"],"aioseo_notices":[],"_links":{"self":[{"href":"https:\/\/soyutkaravan.com\/en\/wp-json\/wp\/v2\/pages\/2067","targetHints":{"allow":["GET"]}}],"collection":[{"href":"https:\/\/soyutkaravan.com\/en\/wp-json\/wp\/v2\/pages"}],"about":[{"href":"https:\/\/soyutkaravan.com\/en\/wp-json\/wp\/v2\/types\/page"}],"author":[{"embeddable":true,"href":"https:\/\/soyutkaravan.com\/en\/wp-json\/wp\/v2\/users\/1"}],"replies":[{"embeddable":true,"href":"https:\/\/soyutkaravan.com\/en\/wp-json\/wp\/v2\/comments?post=2067"}],"version-history":[{"count":9,"href":"https:\/\/soyutkaravan.com\/en\/wp-json\/wp\/v2\/pages\/2067\/revisions"}],"predecessor-version":[{"id":11777,"href":"https:\/\/soyutkaravan.com\/en\/wp-json\/wp\/v2\/pages\/2067\/revisions\/11777"}],"wp:attachment":[{"href":"https:\/\/soyutkaravan.com\/en\/wp-json\/wp\/v2\/media?parent=2067"}],"curies":[{"name":"wp","href":"https:\/\/api.w.org\/{rel}","templated":true}]}}