{"id":27,"date":"2015-07-04T14:27:12","date_gmt":"2015-07-04T14:27:12","guid":{"rendered":"http:\/\/puzzlerbox.com\/levelup\/demo1\/?page_id=27"},"modified":"2024-12-17T06:34:31","modified_gmt":"2024-12-17T03:34:31","slug":"test","status":"publish","type":"page","link":"https:\/\/soyutkaravan.com\/en\/","title":{"rendered":"Home"},"content":{"rendered":"<div class=\"container-fluid row_section\"><div data-vc-parallax-image=\"https:\/\/vimeo.com\/112836958\" data-vc-video-bg=\"https:\/\/vimeo.com\/112836958\" data-midnight=\"light\" class=\"vc_row wpb_row vc_row-fluid vc_custom_1557061546269 vc_row-has-fill vc_column-gap-30 rdy_vc_row-o-full-height rdy_vc_row-o-columns-bottom rdy_vc_row-flex vc_video-bg-container vc_row-69e7335f67ff2915310566\"   style=' text-align:left;'><div class=\"row-overlay active\" style=\"background: #1780ef;background: -moz-linear-gradient(top, #1780ef 0%, #0072dd 100%);background: -webkit-linear-gradient(top, #1780ef 0%, #0072dd 100%);background: linear-gradient(to bottom, #1780ef 0%, #0072dd 100%);opacity:0.65;\"><\/div><div class=\"row-container container\"><div class=\"row-inner\"><div class=\"wpb_column vc_column_container vc_col-sm-9 vc_col-lg-7 vc_col-md-8 vc_column_container_69e7335f6822c524427077\"><div class=\"vc_column-inner vc_custom_1459331862721\"><div class=\"wpb_wrapper\"><div class=\"vc_custom_heading vc_custom_heading_69e7335f6839d609623809\"  data-text-animate=\"word\" data-text-animate-speed=\"fast\" data-text-animate-type=\"fadeIn\"><h1 style=\"font-size: 70px;color: #ffffff;text-align: left;font-family:Roboto;font-weight:900;font-style:normal;line-height: 120% !important\" class=\"responsive-h4\"><span class=\"hilight\"  >Living spaces on caravans, motorhomes, mobile homes, containers, trailers, and various vehicles<\/span><\/h1><\/div>\r\n\t<div class=\"wpb_single_image wpb_single_image_1 wpb_content_element vc_align_left vc_custom_1734406457308 animate-element\" style='transition-delay:3000ms; -webkit-animation-delay:3000ms; -moz-animation-delay:3000ms; animation-delay:3000ms;' data-animation-class=\"fadeIn\">\r\n\t\t<div class=\"wpb_wrapper\">\r\n\t\t\t\r\n\t\t\t<a href=\"#scrolldown\" target=\"_self\"><div class=\"vc_single_image-wrapper   vc_box_border_grey anm-arrow-down-inf\"><\/div><\/a>\r\n\t\t<\/div>\r\n\t<\/div>\r\n<\/div><\/div><\/div><\/div><\/div><\/div><\/div><div class=\"container row_section\"><div id=\"scrolldown\"  class=\"vc_row wpb_row vc_row-fluid vc_column-gap-30 vc_row-69e7335f68a73401608076 animate-element\"   style=' text-align:left;' data-animation-class=\"fadeIn\"><div class=\"row-container container-fluid\"><div class=\"row-inner\"><div class=\"wpb_column vc_column_container vc_col-sm-12 vc_col-md-6 vc_column_container_69e7335f68b83137089884\"><div class=\"vc_column-inner\"><div class=\"wpb_wrapper\"><div class=\"vc_custom_heading inline vc_custom_heading_69e7335f68c7b521460445\" ><h2 style=\"text-align: left;font-family:Roboto;font-weight:400;font-style:normal;line-height: 100% !important\"><span class=\"hilight\"  >Since 1994, confidently...<\/span>&nbsp;<\/h2><\/div><div class=\"rdy_separator_69e7335f68d2a528844537 rdy_separator vc_custom_1554580427960 normal  vc_sep_pos_align_left animate animate1\" style=\"border-color: #f68b1f;border-top-width: 3px;border-style: solid;\" data-animation-delay=\"500\"><\/div>\n\n\t<div class=\"wpb_text_column_2 wpb_text_column wpb_content_element  vc_custom_1554665627669\">\n\t\t<div class=\"wpb_wrapper\" >\n\t\t\t<p>SOYUT Karavan is a subsidiary of \u00c7OLAK Holding A.\u015e., which was established in 1974 and operates in the fields of energy, production, finance, and trade.<\/p>\n<p>Since 1994, SOYUT Karavan has been manufacturing living spaces for caravans, motorhomes, mobile homes, containers, trailers, and various vehicles at its 5,000 m\u00b2 indoor facility in Ankara-Temelli.<\/p>\n<p>Soyut Karavan proudly presents its high-quality products that have been meticulously designed, taking into consideration even the finest details and tailored to meet your specific needs and preferences.<\/p>\n<p>With its comfortable and modern design, advanced technology, and emphasis on user safety, Soyut Karavan has become a recognized brand not only in the domestic market but also in international markets.<\/p>\n\n\t\t<\/div> \n\t<\/div> <\/div><\/div><\/div><div class=\"wpb_column vc_column_container vc_col-sm-12 vc_col-md-6 vc_column_container_69e7335f68e61301166003\"><div class=\"vc_column-inner\"><div class=\"wpb_wrapper\">\r\n\t<div class=\"wpb_single_image wpb_single_image_3 wpb_content_element vc_align_center\">\r\n\t\t<div class=\"wpb_wrapper\">\r\n\t\t\t\r\n\t\t\t<div class=\"vc_single_image-wrapper   vc_box_border_grey\"><img loading=\"lazy\" decoding=\"async\" width=\"1028\" height=\"769\" src=\"https:\/\/soyutkaravan.com\/wp-content\/uploads\/2019\/04\/soyut-karavan-ozel.png\" class=\"vc_single_image-img attachment-full\" alt=\"\u00f6zel tasar\u0131m karavanlar\" srcset=\"https:\/\/soyutkaravan.com\/wp-content\/uploads\/2019\/04\/soyut-karavan-ozel.png 1028w, https:\/\/soyutkaravan.com\/wp-content\/uploads\/2019\/04\/soyut-karavan-ozel-300x224.png 300w, https:\/\/soyutkaravan.com\/wp-content\/uploads\/2019\/04\/soyut-karavan-ozel-768x575.png 768w, https:\/\/soyutkaravan.com\/wp-content\/uploads\/2019\/04\/soyut-karavan-ozel-1024x766.png 1024w, https:\/\/soyutkaravan.com\/wp-content\/uploads\/2019\/04\/soyut-karavan-ozel-700x524.png 700w, https:\/\/soyutkaravan.com\/wp-content\/uploads\/2019\/04\/soyut-karavan-ozel-600x449.png 600w\" sizes=\"auto, (max-width: 1028px) 100vw, 1028px\" \/><\/div>\r\n\t\t<\/div>\r\n\t<\/div>\r\n<div class=\"rdy_separator_69e7335f69329702251195 rdy_separator vc_custom_1554629733316 normal  vc_sep_pos_align_right animate animate1\" style=\"border-color: #f68b1f;border-top-width: 3px;border-style: solid;\" data-animation-delay=\"700\"><\/div>\n<\/div><\/div><\/div><\/div><\/div><\/div><\/div><div class=\"container row_section\"><div  class=\"vc_row wpb_row vc_row-fluid vc_custom_1458218537251 vc_column-gap-30 vc_row-69e7335f693ff112606790 animate-element\"   style=' text-align:left;' data-animation-class=\"fadeIn\"><div class=\"row-container container-fluid\"><div class=\"row-inner\"><div class=\"wpb_column vc_column_container vc_col-sm-5 vc_column_container_69e7335f69483785843610\"><div class=\"vc_column-inner\"><div class=\"wpb_wrapper\">\r\n\t<div class=\"wpb_single_image wpb_single_image_4 wpb_content_element vc_align_left\">\r\n\t\t<div class=\"wpb_wrapper\">\r\n\t\t\t\r\n\t\t\t<div class=\"vc_single_image-wrapper   vc_box_border_grey\"><img loading=\"lazy\" decoding=\"async\" width=\"1028\" height=\"769\" src=\"https:\/\/soyutkaravan.com\/wp-content\/uploads\/2019\/04\/soyut-karavan-colak-holding.png\" class=\"vc_single_image-img attachment-full\" alt=\"modern tasar\u0131ml\u0131 \u00f6zel \u00fcretim karavanlar\" srcset=\"https:\/\/soyutkaravan.com\/wp-content\/uploads\/2019\/04\/soyut-karavan-colak-holding.png 1028w, https:\/\/soyutkaravan.com\/wp-content\/uploads\/2019\/04\/soyut-karavan-colak-holding-300x224.png 300w, https:\/\/soyutkaravan.com\/wp-content\/uploads\/2019\/04\/soyut-karavan-colak-holding-768x575.png 768w, https:\/\/soyutkaravan.com\/wp-content\/uploads\/2019\/04\/soyut-karavan-colak-holding-1024x766.png 1024w, https:\/\/soyutkaravan.com\/wp-content\/uploads\/2019\/04\/soyut-karavan-colak-holding-700x524.png 700w, https:\/\/soyutkaravan.com\/wp-content\/uploads\/2019\/04\/soyut-karavan-colak-holding-600x449.png 600w\" sizes=\"auto, (max-width: 1028px) 100vw, 1028px\" \/><\/div>\r\n\t\t<\/div>\r\n\t<\/div>\r\n<div class=\"rdy_separator_69e7335f6997d258745544 rdy_separator vc_custom_1554629733316 normal  vc_sep_pos_align_right animate animate1\" style=\"border-color: #f68b1f;border-top-width: 3px;border-style: solid;\" data-animation-delay=\"700\"><\/div>\n<\/div><\/div><\/div><div class=\"wpb_column vc_column_container vc_col-sm-6 vc_column_container_69e7335f699f9302215698\"><div class=\"vc_column-inner vc_custom_1458218778518\"><div class=\"wpb_wrapper\"><div class=\"vc_custom_heading inline vc_custom_heading_69e7335f69ac6442868875\" ><h2 style=\"text-align: left;font-family:Roboto;font-weight:400;font-style:normal;line-height: 100% !important\"><span class=\"hilight\"  >We Design The Caravan Of Your Dreams<\/span>&nbsp;<\/h2><\/div><div class=\"rdy_separator_69e7335f69b3c041288426 rdy_separator vc_custom_1554580416648 normal  vc_sep_pos_align_left animate animate1\" style=\"border-color: #f68b1f;border-top-width: 3px;border-style: solid;\" data-animation-delay=\"250\"><\/div>\n\n\t<div class=\"wpb_text_column_5 wpb_text_column wpb_content_element  vc_custom_1554630652506\">\n\t\t<div class=\"wpb_wrapper\" >\n\t\t\t<p>Soyut Karavan proudly presents its high-quality products that have been meticulously designed, taking into consideration even the finest details and tailored to meet your specific needs and preferences.<\/p>\n<p>Soyut Karavan is not a traditional house or office in the conventional sense. With its unique projects in design and implementation, it is a living space that can always surprise you with its different production and layout, attracting attention.<\/p>\n\n\t\t<\/div> \n\t<\/div> <\/div><\/div><\/div><\/div><\/div><\/div><\/div><div class=\"container row_section\"><div  class=\"vc_row wpb_row vc_row-fluid vc_custom_1555244261657 vc_row-has-fill vc_column-gap-30 vc_row-69e7335f69c45964010298\"   style=' text-align:left;'><div class=\"row-container container-fluid\"><div class=\"row-inner\"><div class=\"wpb_column vc_column_container vc_col-sm-3 vc_column_container_69e7335f69d0e973697678\"><div class=\"vc_column-inner\"><div class=\"wpb_wrapper\"><div class=\"b_counter_holder b_counter-6  rdy_align_center content_left zero\" style=\"\"><div class=\"b_count_align\"><div class=\"b_counter_inner\"><span class=\"counter  zero\" style=\"color: #333333;text-align: left;font-family:Roboto;font-weight:400;font-style:normal\"><span class=\"digit\" data-separator=\"\" data-animation=\"0\" data-repeat=\"0\" data-count=\"30\">30<\/span><\/span><p class=\"counter_text\" style=\"\">Years of Experience<\/p><\/div><\/div><\/div><\/div><\/div><\/div><div class=\"wpb_column vc_column_container vc_col-sm-3 vc_column_container_69e7335f69ecc004002200\"><div class=\"vc_column-inner\"><div class=\"wpb_wrapper\"><div class=\"b_counter_holder b_counter-7  rdy_align_center content_left zero\" style=\"\"><div class=\"b_count_align\"><div class=\"b_counter_inner\"><span class=\"counter  zero\" style=\"color: #333333;text-align: left;font-family:Roboto;font-weight:400;font-style:normal\"><span class=\"digit\" data-separator=\"\" data-animation=\"0\" data-repeat=\"0\" data-count=\"5000\">5000<\/span><\/span><p class=\"counter_text\" style=\"\">m\u00b2 Closed Area<\/p><\/div><\/div><\/div><\/div><\/div><\/div><div class=\"wpb_column vc_column_container vc_col-sm-3 vc_column_container_69e7335f69fc4163895367\"><div class=\"vc_column-inner\"><div class=\"wpb_wrapper\"><div class=\"b_counter_holder b_counter-8  rdy_align_center content_left zero\" style=\"\"><div class=\"b_count_align\"><div class=\"b_counter_inner\"><span class=\"counter  zero\" style=\"color: #333333;text-align: left;font-family:Roboto;font-weight:400;font-style:normal\"><span class=\"digit\" data-separator=\"\" data-animation=\"0\" data-repeat=\"0\" data-count=\"44\">44<\/span><\/span><p class=\"counter_text\" style=\"\">44-person Team<\/p><\/div><\/div><\/div><\/div><\/div><\/div><div class=\"wpb_column vc_column_container vc_col-sm-3 vc_column_container_69e7335f6a0b0262407012\"><div class=\"vc_column-inner\"><div class=\"wpb_wrapper\"><div class=\"b_counter_holder b_counter-9  rdy_align_center content_left zero\" style=\"\"><div class=\"b_count_align\"><div class=\"b_counter_inner\"><span class=\"counter  zero\" style=\"color: #333333;text-align: left;font-family:Roboto;font-weight:400;font-style:normal\"><span class=\"digit\" data-separator=\"\" data-animation=\"0\" data-repeat=\"0\" data-count=\"500\">500<\/span><span class=\"counter_sym\">+<\/span><\/span><p class=\"counter_text\" style=\"\">Completed Project<\/p><\/div><\/div><\/div><\/div><\/div><\/div><\/div><\/div><\/div><\/div>","protected":false},"excerpt":{"rendered":"karavan, motokaravan, mobil ev, konteyner, treyler ve \u00e7e\u015fitli ara\u00e7lar \u00fczerine ya\u015fam alanlar\u0131 1994'den Bug\u00fcne G\u00fcvenle...&nbsp; SOYUT Karavan 1974 y\u0131l\u0131nda kurulmu\u015f enerji, \u00fcretim, finans, ticaret alanlar\u0131nda faaliyet g\u00f6steren \u00c7OLAK Holding A.\u015e.\u2019nin [...]","protected":false},"author":1,"featured_media":0,"parent":0,"menu_order":0,"comment_status":"open","ping_status":"closed","template":"","meta":{"_monsterinsights_skip_tracking":false,"_monsterinsights_sitenote_active":false,"_monsterinsights_sitenote_note":"","_monsterinsights_sitenote_category":0,"footnotes":""},"class_list":["post-27","page","type-page","status-publish","hentry"],"aioseo_notices":[],"_links":{"self":[{"href":"https:\/\/soyutkaravan.com\/en\/wp-json\/wp\/v2\/pages\/27","targetHints":{"allow":["GET"]}}],"collection":[{"href":"https:\/\/soyutkaravan.com\/en\/wp-json\/wp\/v2\/pages"}],"about":[{"href":"https:\/\/soyutkaravan.com\/en\/wp-json\/wp\/v2\/types\/page"}],"author":[{"embeddable":true,"href":"https:\/\/soyutkaravan.com\/en\/wp-json\/wp\/v2\/users\/1"}],"replies":[{"embeddable":true,"href":"https:\/\/soyutkaravan.com\/en\/wp-json\/wp\/v2\/comments?post=27"}],"version-history":[{"count":55,"href":"https:\/\/soyutkaravan.com\/en\/wp-json\/wp\/v2\/pages\/27\/revisions"}],"predecessor-version":[{"id":11991,"href":"https:\/\/soyutkaravan.com\/en\/wp-json\/wp\/v2\/pages\/27\/revisions\/11991"}],"wp:attachment":[{"href":"https:\/\/soyutkaravan.com\/en\/wp-json\/wp\/v2\/media?parent=27"}],"curies":[{"name":"wp","href":"https:\/\/api.w.org\/{rel}","templated":true}]}}