{"id":6582,"date":"2016-03-12T12:31:37","date_gmt":"2016-03-12T12:31:37","guid":{"rendered":"http:\/\/puzzlerbox.com\/levelup\/?page_id=6582"},"modified":"2019-04-21T22:14:04","modified_gmt":"2019-04-21T22:14:04","slug":"hizmetlerimiz","status":"publish","type":"page","link":"https:\/\/soyutkaravan.com\/en\/hizmetlerimiz\/","title":{"rendered":"Services"},"content":{"rendered":"<div class=\"container-fluid row_section\"><div data-vc-parallax=\"1.5\" data-vc-parallax-o-fade=\"on\" data-vc-parallax-image=\"https:\/\/soyutkaravan.com\/wp-content\/uploads\/2019\/04\/4.jpg\"  class=\"vc_row wpb_row vc_row-fluid vc_custom_1554642393720 vc_row-has-fill vc_column-gap-30 vc_general vc_parallax vc_parallax-content-moving-fade js-vc_parallax-o-fade vc_row-69e5e0eea04bc402498052 no-spaces\"   style=' text-align:left;'><div class=\"row-overlay active\" style=\"background: #f68b1f ;opacity:0.5;\"><\/div><div class=\"row-container container-fluid\"><div class=\"row-inner\"><div class=\"wpb_column vc_column_container vc_col-sm-2 vc_col-lg-2 vc_col-md-1 vc_hidden-sm vc_hidden-xs vc_column_container_69e5e0eea086c064274612\"><div class=\"vc_column-inner vc_custom_1458136708714\"><div class=\"wpb_wrapper\"><div class=\"rdy_separator_69e5e0eea0f25108018886 rdy_separator normal  vc_sep_pos_inline animate animate1 responsive_width_xs\" style=\"border-color: #ffffff;border-top-width: 1px;border-style: solid;\" data-animation-delay=\"750\"><\/div>\n<\/div><\/div><\/div><div class=\"wpb_column vc_column_container vc_col-sm-7 vc_col-lg-5 vc_col-md-7 vc_col-xs-12 vc_column_container_69e5e0eea100d540694342\"><div class=\"vc_column-inner\"><div class=\"wpb_wrapper\"><div class=\"vc_custom_heading vc_custom_1554642449272 vc_custom_heading_69e5e0eea11ec636352052 animate-element\"  style=\"transition-delay:950ms; -webkit-animation-delay:950ms; animation-delay:950ms;\" data-animation-class=\" fadeIn\"><h2 style=\"font-size: 14px;color: #ffffff;text-align: left;font-family:Open Sans;font-weight:600;font-style:normal;text-transform:uppercase\"><span class=\"hilight\"  >Soyut Caravan<\/span><\/h2><\/div><div class=\"vc_custom_heading vc_custom_heading_69e5e0eea132b530799419 animate-element\"  style=\"transition-delay:1250ms; -webkit-animation-delay:1250ms; animation-delay:1250ms;\" data-animation-class=\" fadeIn\"><h2 style=\"font-size: 40px;color: #ffffff;text-align: left;font-family:Merriweather;font-weight:400;font-style:normal;line-height: 150% !important\" class=\"responsive-h5\"><span class=\"hilight\"  >We have been designing your dreams since 1974.<\/span><\/h2><\/div><\/div><\/div><\/div><\/div><\/div><\/div><\/div><div class=\"container-fluid row_section\"><div  class=\"vc_row wpb_row vc_row-fluid vc_custom_1457953424703 vc_column-gap-30 vc_row-69e5e0eea1456689772523\"   style=' text-align:left;'><div class=\"row-container container-fluid\"><div class=\"row-inner\"><div class=\"wpb_column vc_column_container vc_col-sm-2 vc_col-lg-2 vc_col-md-1 vc_hidden-sm vc_hidden-xs vc_column_container_69e5e0eea1544367216422\"><div class=\"vc_column-inner\"><div class=\"wpb_wrapper\"><\/div><\/div><\/div><div class=\"wpb_column vc_column_container vc_col-sm-6 vc_col-lg-3 vc_col-md-6 vc_col-xs-12 vc_column_container_69e5e0eea15d4424047748 animate-element\" data-animation-class=\"fadeInUp2\" style=\"transition-delay:1550ms; -webkit-animation-delay:1550ms; animation-delay:1550ms;\"><div class=\"vc_column-inner\"><div class=\"wpb_wrapper\"><div class=\"vc_custom_heading vc_custom_1554635483912 vc_custom_heading_69e5e0eea16c5801563011\" ><h2 style=\"font-size: 40px;color: #333333;text-align: left;font-family:Merriweather;font-weight:400;font-style:normal;line-height: 150% !important\" class=\"responsive-h5\"><span class=\"hilight\"  >Engineering &amp; Design<\/span><\/h2><\/div>\n\t<div class=\"wpb_text_column_1 wpb_text_column wpb_content_element\">\n\t\t<div class=\"wpb_wrapper\" >\n\t\t\t<p>Soyut Karavan is not a traditional house or office in the conventional sense. With its unique projects in design and implementation, it is a living space that can always surprise you with its different production and layout, attracting attention.<\/p>\n<p>We design and customize a wide range of caravans, motorhomes, mobile homes, trailers, and containers with different functions and scopes. Additionally, we offer specially designed products such as set caravans for film and TV productions, makeup caravans, dressing and resting caravans, shower and toilet caravans, oil exploration camp caravans, office and construction site caravans, canteen and kitchen caravans, buffet caravans, exhibition-showroom-sales trailers, and mobile library buses and trailers. We continuously follow the changing design trends worldwide to create designs that are human-centered and personalized.<\/p>\n<p>With the harmonious work of our professional team, we have achieved success both domestically and internationally, ensuring that Soyut Karavan is present everywhere in the world.<\/p>\n\n\t\t<\/div> \n\t<\/div> <div class=\"vc_empty_space\"   style=\"height: 30px\" ><span class=\"vc_empty_space_inner\"><\/span><\/div>\n<\/div><\/div><\/div><div class=\"wpb_column vc_column_container vc_col-sm-5 vc_col-lg-5 vc_col-md-4 vc_hidden-xs vc_column_container_69e5e0eea188a267294756\" data-parallax='{\"y\": -70, \"smoothness\": 30}'><div class=\"vc_column-inner vc_custom_1461310325332\"><div class=\"wpb_wrapper\">\r\n\t<div class=\"wpb_single_image wpb_single_image_2 wpb_content_element vc_align_left animate-element\" style='transition-delay:2200ms; -webkit-animation-delay:2200ms; -moz-animation-delay:2200ms; animation-delay:2200ms;' data-animation-class=\"fadeInUp2\">\r\n\t\t<div class=\"wpb_wrapper\">\r\n\t\t\t\r\n\t\t\t<div class=\"vc_single_image-wrapper   vc_box_border_grey\"><img loading=\"lazy\" decoding=\"async\" width=\"1024\" height=\"768\" src=\"https:\/\/soyutkaravan.com\/wp-content\/uploads\/2019\/04\/DSCF0095-1024x768.jpg\" class=\"vc_single_image-img attachment-full\" alt=\"\" srcset=\"https:\/\/soyutkaravan.com\/wp-content\/uploads\/2019\/04\/DSCF0095-1024x768.jpg 1024w, https:\/\/soyutkaravan.com\/wp-content\/uploads\/2019\/04\/DSCF0095-1024x768-300x225.jpg 300w, https:\/\/soyutkaravan.com\/wp-content\/uploads\/2019\/04\/DSCF0095-1024x768-768x576.jpg 768w, https:\/\/soyutkaravan.com\/wp-content\/uploads\/2019\/04\/DSCF0095-1024x768-700x525.jpg 700w, https:\/\/soyutkaravan.com\/wp-content\/uploads\/2019\/04\/DSCF0095-1024x768-600x450.jpg 600w\" sizes=\"auto, (max-width: 1024px) 100vw, 1024px\" \/><\/div>\r\n\t\t<\/div>\r\n\t<\/div>\r\n<\/div><\/div><\/div><\/div><\/div><\/div><\/div><div class=\"container-fluid row_section\"><div  class=\"vc_row wpb_row vc_row-fluid vc_custom_1457953366882 vc_column-gap-30 rdy_vc_row-o-equal-height rdy_vc_row-flex vc_row-69e5e0eea20d8317647537\"   style=' text-align:left;'><div class=\"row-container container-fluid\"><div class=\"row-inner\"><div class=\"wpb_column vc_column_container vc_col-sm-2 vc_col-lg-2 vc_col-md-1 vc_hidden-sm vc_hidden-xs vc_column_container_69e5e0eeac6ca496509318\"><div class=\"vc_column-inner\"><div class=\"wpb_wrapper\"><\/div><\/div><\/div><div class=\"wpb_column vc_column_container vc_col-sm-5 vc_col-lg-4 vc_col-md-4 vc_hidden-xs vc_column_container_69e5e0eeac79b588686162\" data-parallax='{\"y\": -70, \"smoothness\": 30}'><div class=\"vc_column-inner vc_custom_1461310293901\"><div class=\"wpb_wrapper\">\r\n\t<div class=\"wpb_single_image wpb_single_image_3 wpb_content_element vc_align_left animate-element\" style='transition-delay:550ms; -webkit-animation-delay:550ms; -moz-animation-delay:550ms; animation-delay:550ms;' data-animation-class=\"fadeInUp2\">\r\n\t\t<div class=\"wpb_wrapper\">\r\n\t\t\t\r\n\t\t\t<div class=\"vc_single_image-wrapper   vc_box_border_grey\"><img loading=\"lazy\" decoding=\"async\" width=\"2250\" height=\"1500\" src=\"https:\/\/soyutkaravan.com\/wp-content\/uploads\/2019\/04\/CX3M7249.jpg\" class=\"vc_single_image-img attachment-full\" alt=\"\" srcset=\"https:\/\/soyutkaravan.com\/wp-content\/uploads\/2019\/04\/CX3M7249.jpg 2250w, https:\/\/soyutkaravan.com\/wp-content\/uploads\/2019\/04\/CX3M7249-300x200.jpg 300w, https:\/\/soyutkaravan.com\/wp-content\/uploads\/2019\/04\/CX3M7249-768x512.jpg 768w, https:\/\/soyutkaravan.com\/wp-content\/uploads\/2019\/04\/CX3M7249-1024x683.jpg 1024w, https:\/\/soyutkaravan.com\/wp-content\/uploads\/2019\/04\/CX3M7249-700x467.jpg 700w, https:\/\/soyutkaravan.com\/wp-content\/uploads\/2019\/04\/CX3M7249-900x600.jpg 900w, https:\/\/soyutkaravan.com\/wp-content\/uploads\/2019\/04\/CX3M7249-1200x800.jpg 1200w, https:\/\/soyutkaravan.com\/wp-content\/uploads\/2019\/04\/CX3M7249-600x400.jpg 600w\" sizes=\"auto, (max-width: 2250px) 100vw, 2250px\" \/><\/div>\r\n\t\t<\/div>\r\n\t<\/div>\r\n<\/div><\/div><\/div><div class=\"wpb_column vc_column_container vc_col-sm-6 vc_col-lg-4 vc_col-md-6 vc_col-xs-12 vc_column_container_69e5e0eead1d9101238113 animate-element column_vertical_align_center\" data-animation-class=\"fadeInUp2\" style=\"transition-delay:250ms; -webkit-animation-delay:250ms; animation-delay:250ms;\"><div class=\"vc_column-inner vc_custom_1461140960170\"><div class=\"wpb_wrapper\"><div class=\"vc_custom_heading vc_custom_1554635521910 vc_custom_heading_69e5e0eead2d4450038454\" ><h2 style=\"font-size: 40px;color: #333333;text-align: left;font-family:Merriweather;font-weight:400;font-style:normal;line-height: 150% !important\" class=\"responsive-h5\"><span class=\"hilight\"  >Rental Services<\/span><\/h2><\/div>\n\t<div class=\"wpb_text_column_4 wpb_text_column wpb_content_element\">\n\t\t<div class=\"wpb_wrapper\" >\n\t\t\t<p>With our unique approach to caravan rental services, we prepare you for a fully equipped vacation. Everything you may need in a hotel room will be provided to you when you rent a Soyut Karavan. This holiday, where you can simply grab your suitcase and go, can turn into a fun adventure for you.<\/p>\n<p>You can rent our custom-made series-film set caravans, makeup caravans, dressing-resting caravans, shower-toilet caravans, oil exploration camp caravans, office-construction site caravans, dining-kitchen caravans, buffet caravans, fair-showroom-sales trailers, and mobile library buses-trailers for short and long-term periods.<\/p>\n\n\t\t<\/div> \n\t<\/div> <div class=\"vc_empty_space\"   style=\"height: 30px\" ><span class=\"vc_empty_space_inner\"><\/span><\/div>\n<\/div><\/div><\/div><\/div><\/div><\/div><\/div><div class=\"container-fluid row_section\"><div  class=\"vc_row wpb_row vc_row-fluid vc_custom_1457953424703 vc_column-gap-30 vc_row-69e5e0eead4f2832490294\"   style=' text-align:left;'><div class=\"row-container container-fluid\"><div class=\"row-inner\"><div class=\"wpb_column vc_column_container vc_col-sm-2 vc_col-lg-2 vc_col-md-1 vc_hidden-sm vc_hidden-xs vc_column_container_69e5e0eead588916275770\"><div class=\"vc_column-inner\"><div class=\"wpb_wrapper\"><\/div><\/div><\/div><div class=\"wpb_column vc_column_container vc_col-sm-6 vc_col-lg-3 vc_col-md-6 vc_col-xs-12 vc_column_container_69e5e0eead5e7245184292 animate-element\" data-animation-class=\"fadeInUp2\" style=\"transition-delay:1550ms; -webkit-animation-delay:1550ms; animation-delay:1550ms;\"><div class=\"vc_column-inner\"><div class=\"wpb_wrapper\"><div class=\"vc_custom_heading vc_custom_1554635902127 vc_custom_heading_69e5e0eead699612847465\" ><h2 style=\"font-size: 40px;color: #333333;text-align: left;font-family:Merriweather;font-weight:400;font-style:normal;line-height: 150% !important\" class=\"responsive-h5\"><span class=\"hilight\"  >Caravan Camping and Accommodation Area<\/span><\/h2><\/div>\n\t<div class=\"wpb_text_column_5 wpb_text_column wpb_content_element\">\n\t\t<div class=\"wpb_wrapper\" >\n\t\t\t<p>We offer you an alternative caravan camping area where you can rent the Soyut Karavan or bring your own caravan. Located in Ankara Temelli, our facility combines caravan living with the modern world, providing you with a unique experience.<\/p>\n\n\t\t<\/div> \n\t<\/div> <div class=\"vc_empty_space\"   style=\"height: 30px\" ><span class=\"vc_empty_space_inner\"><\/span><\/div>\n<\/div><\/div><\/div><div class=\"wpb_column vc_column_container vc_col-sm-5 vc_col-lg-5 vc_col-md-4 vc_hidden-xs vc_column_container_69e5e0eead7b4733438002\" data-parallax='{\"y\": -70, \"smoothness\": 30}'><div class=\"vc_column-inner vc_custom_1461310325332\"><div class=\"wpb_wrapper\">\r\n\t<div class=\"wpb_single_image wpb_single_image_6 wpb_content_element vc_align_left animate-element\" style='transition-delay:770ms; -webkit-animation-delay:770ms; -moz-animation-delay:770ms; animation-delay:770ms;' data-animation-class=\"fadeInUp2\">\r\n\t\t<div class=\"wpb_wrapper\">\r\n\t\t\t\r\n\t\t\t<div class=\"vc_single_image-wrapper   vc_box_border_grey\"><img loading=\"lazy\" decoding=\"async\" width=\"2250\" height=\"1500\" src=\"https:\/\/soyutkaravan.com\/wp-content\/uploads\/2019\/04\/CX3M7258.jpg\" class=\"vc_single_image-img attachment-full\" alt=\"\" srcset=\"https:\/\/soyutkaravan.com\/wp-content\/uploads\/2019\/04\/CX3M7258.jpg 2250w, https:\/\/soyutkaravan.com\/wp-content\/uploads\/2019\/04\/CX3M7258-300x200.jpg 300w, https:\/\/soyutkaravan.com\/wp-content\/uploads\/2019\/04\/CX3M7258-768x512.jpg 768w, https:\/\/soyutkaravan.com\/wp-content\/uploads\/2019\/04\/CX3M7258-1024x683.jpg 1024w, https:\/\/soyutkaravan.com\/wp-content\/uploads\/2019\/04\/CX3M7258-700x467.jpg 700w, https:\/\/soyutkaravan.com\/wp-content\/uploads\/2019\/04\/CX3M7258-900x600.jpg 900w, https:\/\/soyutkaravan.com\/wp-content\/uploads\/2019\/04\/CX3M7258-1200x800.jpg 1200w, https:\/\/soyutkaravan.com\/wp-content\/uploads\/2019\/04\/CX3M7258-600x400.jpg 600w\" sizes=\"auto, (max-width: 2250px) 100vw, 2250px\" \/><\/div>\r\n\t\t<\/div>\r\n\t<\/div>\r\n<\/div><\/div><\/div><\/div><\/div><\/div><\/div><div class=\"container-fluid row_section\"><div  class=\"vc_row wpb_row vc_row-fluid vc_custom_1457953366882 vc_column-gap-30 rdy_vc_row-o-equal-height rdy_vc_row-flex vc_row-69e5e0eeaddd3929165963\"   style=' text-align:left;'><div class=\"row-container container-fluid\"><div class=\"row-inner\"><div class=\"wpb_column vc_column_container vc_col-sm-2 vc_col-lg-2 vc_col-md-1 vc_hidden-sm vc_hidden-xs vc_column_container_69e5e0eeade69575889068\"><div class=\"vc_column-inner\"><div class=\"wpb_wrapper\"><\/div><\/div><\/div><div class=\"wpb_column vc_column_container vc_col-sm-5 vc_col-lg-4 vc_col-md-4 vc_hidden-xs vc_column_container_69e5e0eeadedf727835485\" data-parallax='{\"y\": -70, \"smoothness\": 30}'><div class=\"vc_column-inner vc_custom_1461310293901\"><div class=\"wpb_wrapper\">\r\n\t<div class=\"wpb_single_image wpb_single_image_7 wpb_content_element vc_align_left animate-element\" style='transition-delay:550ms; -webkit-animation-delay:550ms; -moz-animation-delay:550ms; animation-delay:550ms;' data-animation-class=\"fadeInUp2\">\r\n\t\t<div class=\"wpb_wrapper\">\r\n\t\t\t\r\n\t\t\t<div class=\"vc_single_image-wrapper   vc_box_border_grey\"><img loading=\"lazy\" decoding=\"async\" width=\"1600\" height=\"1200\" src=\"https:\/\/soyutkaravan.com\/wp-content\/uploads\/2019\/04\/CIMG0127.jpg\" class=\"vc_single_image-img attachment-full\" alt=\"\" srcset=\"https:\/\/soyutkaravan.com\/wp-content\/uploads\/2019\/04\/CIMG0127.jpg 1600w, https:\/\/soyutkaravan.com\/wp-content\/uploads\/2019\/04\/CIMG0127-300x225.jpg 300w, https:\/\/soyutkaravan.com\/wp-content\/uploads\/2019\/04\/CIMG0127-768x576.jpg 768w, https:\/\/soyutkaravan.com\/wp-content\/uploads\/2019\/04\/CIMG0127-1024x768.jpg 1024w, https:\/\/soyutkaravan.com\/wp-content\/uploads\/2019\/04\/CIMG0127-700x525.jpg 700w, https:\/\/soyutkaravan.com\/wp-content\/uploads\/2019\/04\/CIMG0127-1200x900.jpg 1200w, https:\/\/soyutkaravan.com\/wp-content\/uploads\/2019\/04\/CIMG0127-600x450.jpg 600w\" sizes=\"auto, (max-width: 1600px) 100vw, 1600px\" \/><\/div>\r\n\t\t<\/div>\r\n\t<\/div>\r\n<\/div><\/div><\/div><div class=\"wpb_column vc_column_container vc_col-sm-6 vc_col-lg-4 vc_col-md-6 vc_col-xs-12 vc_column_container_69e5e0eeae495024495001 animate-element column_vertical_align_center\" data-animation-class=\"fadeInUp2\" style=\"transition-delay:250ms; -webkit-animation-delay:250ms; animation-delay:250ms;\"><div class=\"vc_column-inner vc_custom_1461140960170\"><div class=\"wpb_wrapper\"><div class=\"vc_custom_heading vc_custom_1554635935133 vc_custom_heading_69e5e0eeae592018555241\" ><h2 style=\"font-size: 40px;color: #333333;text-align: left;font-family:Merriweather;font-weight:400;font-style:normal;line-height: 150% !important\" class=\"responsive-h5\"><span class=\"hilight\"  >Technical Service and Camping Area<\/span><\/h2><\/div>\n\t<div class=\"wpb_text_column_8 wpb_text_column wpb_content_element\">\n\t\t<div class=\"wpb_wrapper\" >\n\t\t\t<p>We provide 24\/7 technical service for the products we manufacture and for the products of leading caravan companies worldwide. Our experienced and professional team provides maintenance, repairs, spare parts supply, and all kinds of technical service for your caravans in a fast and high-quality manner.<\/p>\n<p>You can park your caravan for long periods of time in our parking area located in Ankara Temelli when you are not using it. During this time, you can also take advantage of our maintenance and repair services.<\/p>\n\n\t\t<\/div> \n\t<\/div> <div class=\"vc_empty_space\"   style=\"height: 30px\" ><span class=\"vc_empty_space_inner\"><\/span><\/div>\n<\/div><\/div><\/div><\/div><\/div><\/div><\/div>","protected":false},"excerpt":{"rendered":"Soyut Karavan1974'den beri hayalinizi tasarl\u0131yoruz.M\u00fchendislik &amp; Tasar\u0131m Soyut Karavan geleneksel anlamda bir ev, bir ofis de\u011fil, tasar\u0131m ve uygulama alan\u0131nda farkl\u0131 projeleriyle her zaman kar\u015f\u0131n\u0131za \u00e7\u0131kabilecek farkl\u0131 \u00fcretimi ve dizayn\u0131 [...]","protected":false},"author":1,"featured_media":0,"parent":0,"menu_order":0,"comment_status":"closed","ping_status":"closed","template":"","meta":{"_monsterinsights_skip_tracking":false,"_monsterinsights_sitenote_active":false,"_monsterinsights_sitenote_note":"","_monsterinsights_sitenote_category":0,"footnotes":""},"class_list":["post-6582","page","type-page","status-publish","hentry"],"aioseo_notices":[],"_links":{"self":[{"href":"https:\/\/soyutkaravan.com\/en\/wp-json\/wp\/v2\/pages\/6582","targetHints":{"allow":["GET"]}}],"collection":[{"href":"https:\/\/soyutkaravan.com\/en\/wp-json\/wp\/v2\/pages"}],"about":[{"href":"https:\/\/soyutkaravan.com\/en\/wp-json\/wp\/v2\/types\/page"}],"author":[{"embeddable":true,"href":"https:\/\/soyutkaravan.com\/en\/wp-json\/wp\/v2\/users\/1"}],"replies":[{"embeddable":true,"href":"https:\/\/soyutkaravan.com\/en\/wp-json\/wp\/v2\/comments?post=6582"}],"version-history":[{"count":9,"href":"https:\/\/soyutkaravan.com\/en\/wp-json\/wp\/v2\/pages\/6582\/revisions"}],"predecessor-version":[{"id":10853,"href":"https:\/\/soyutkaravan.com\/en\/wp-json\/wp\/v2\/pages\/6582\/revisions\/10853"}],"wp:attachment":[{"href":"https:\/\/soyutkaravan.com\/en\/wp-json\/wp\/v2\/media?parent=6582"}],"curies":[{"name":"wp","href":"https:\/\/api.w.org\/{rel}","templated":true}]}}