{"id":6582,"date":"2016-03-12T12:31:37","date_gmt":"2016-03-12T12:31:37","guid":{"rendered":"http:\/\/puzzlerbox.com\/levelup\/?page_id=6582"},"modified":"2019-04-21T22:14:04","modified_gmt":"2019-04-21T22:14:04","slug":"hizmetlerimiz","status":"publish","type":"page","link":"https:\/\/soyutkaravan.com\/fr\/hizmetlerimiz\/","title":{"rendered":"Services"},"content":{"rendered":"<div class=\"container-fluid row_section\"><div data-vc-parallax=\"1.5\" data-vc-parallax-o-fade=\"on\" data-vc-parallax-image=\"https:\/\/soyutkaravan.com\/wp-content\/uploads\/2019\/04\/4.jpg\"  class=\"vc_row wpb_row vc_row-fluid vc_custom_1554642393720 vc_row-has-fill vc_column-gap-30 vc_general vc_parallax vc_parallax-content-moving-fade js-vc_parallax-o-fade vc_row-69e746959bb06089173414 no-spaces\"   style=' text-align:left;'><div class=\"row-overlay active\" style=\"background: #f68b1f ;opacity:0.5;\"><\/div><div class=\"row-container container-fluid\"><div class=\"row-inner\"><div class=\"wpb_column vc_column_container vc_col-sm-2 vc_col-lg-2 vc_col-md-1 vc_hidden-sm vc_hidden-xs vc_column_container_69e746959c359088215849\"><div class=\"vc_column-inner vc_custom_1458136708714\"><div class=\"wpb_wrapper\"><div class=\"rdy_separator_69e746959c5ee056989859 rdy_separator normal  vc_sep_pos_inline animate animate1 responsive_width_xs\" style=\"border-color: #ffffff;border-top-width: 1px;border-style: solid;\" data-animation-delay=\"750\"><\/div>\n<\/div><\/div><\/div><div class=\"wpb_column vc_column_container vc_col-sm-7 vc_col-lg-5 vc_col-md-7 vc_col-xs-12 vc_column_container_69e746959c6e2113016947\"><div class=\"vc_column-inner\"><div class=\"wpb_wrapper\"><div class=\"vc_custom_heading vc_custom_1554642449272 vc_custom_heading_69e746959cacc704963623 animate-element\"  style=\"transition-delay:950ms; -webkit-animation-delay:950ms; animation-delay:950ms;\" data-animation-class=\" fadeIn\"><h2 style=\"font-size: 14px;color: #ffffff;text-align: left;font-family:Open Sans;font-weight:600;font-style:normal;text-transform:uppercase\"><span class=\"hilight\"  >Soyut Karavan<\/span><\/h2><\/div><div class=\"vc_custom_heading vc_custom_heading_69e746959cc12036973181 animate-element\"  style=\"transition-delay:1250ms; -webkit-animation-delay:1250ms; animation-delay:1250ms;\" data-animation-class=\" fadeIn\"><h2 style=\"font-size: 40px;color: #ffffff;text-align: left;font-family:Merriweather;font-weight:400;font-style:normal;line-height: 150% !important\" class=\"responsive-h5\"><span class=\"hilight\"  >Nous concevons votre r\u00eave depuis 1974.<\/span><\/h2><\/div><\/div><\/div><\/div><\/div><\/div><\/div><\/div><div class=\"container-fluid row_section\"><div  class=\"vc_row wpb_row vc_row-fluid vc_custom_1457953424703 vc_column-gap-30 vc_row-69e746959cd8a991584261\"   style=' text-align:left;'><div class=\"row-container container-fluid\"><div class=\"row-inner\"><div class=\"wpb_column vc_column_container vc_col-sm-2 vc_col-lg-2 vc_col-md-1 vc_hidden-sm vc_hidden-xs vc_column_container_69e746959cecc102893319\"><div class=\"vc_column-inner\"><div class=\"wpb_wrapper\"><\/div><\/div><\/div><div class=\"wpb_column vc_column_container vc_col-sm-6 vc_col-lg-3 vc_col-md-6 vc_col-xs-12 vc_column_container_69e746959cf77434650801 animate-element\" data-animation-class=\"fadeInUp2\" style=\"transition-delay:1550ms; -webkit-animation-delay:1550ms; animation-delay:1550ms;\"><div class=\"vc_column-inner\"><div class=\"wpb_wrapper\"><div class=\"vc_custom_heading vc_custom_1554635483912 vc_custom_heading_69e746959d0b2121329799\" ><h2 style=\"font-size: 40px;color: #333333;text-align: left;font-family:Merriweather;font-weight:400;font-style:normal;line-height: 150% !important\" class=\"responsive-h5\"><span class=\"hilight\"  >G\u00e9nie &amp; Conception<\/span><\/h2><\/div>\n\t<div class=\"wpb_text_column_1 wpb_text_column wpb_content_element\">\n\t\t<div class=\"wpb_wrapper\" >\n\t\t\t<p>Soyut Karavan n'est pas simplement une maison traditionnelle ou un bureau, mais c'est un espace de vie qui attirera l'attention avec sa production et son design diff\u00e9rents, pouvant pr\u00e9senter divers projets dans le domaine de la conception et de l'application.<\/p>\n<p>Nous concevons des caravanes, des camping-cars, des maisons mobiles, des remorques, des conteneurs ainsi que des caravanes sp\u00e9cialement con\u00e7ues selon vos besoins, telles que des caravanes pour les tournages de s\u00e9ries et de films, des caravanes de maquillage, des caravanes de vestiaires et de repos, des caravanes avec douche et toilettes, des caravanes pour les camps de recherche p\u00e9troli\u00e8re, des caravanes de bureau et de chantier, des caravanes de cantine et de cuisine, des caravanes de buffet, des remorques pour les salons, les showrooms et les ventes, ainsi que des bus et des remorques de biblioth\u00e8ques itin\u00e9rantes. Nous suivons les tendances de conception en constante \u00e9volution dans le monde, en mettant l'accent sur l'orientation client et la personnalisation.<\/p>\n<p>Gr\u00e2ce \u00e0 la collaboration harmonieuse de notre \u00e9quipe professionnelle, nous obtenons du succ\u00e8s tant au niveau national qu'international, permettant \u00e0 Soyut Karavan d'\u00eatre reconnu et disponible partout dans le monde.<\/p>\n\n\t\t<\/div> \n\t<\/div> <div class=\"vc_empty_space\"   style=\"height: 30px\" ><span class=\"vc_empty_space_inner\"><\/span><\/div>\n<\/div><\/div><\/div><div class=\"wpb_column vc_column_container vc_col-sm-5 vc_col-lg-5 vc_col-md-4 vc_hidden-xs vc_column_container_69e746959d40a727871541\" data-parallax='{\"y\": -70, \"smoothness\": 30}'><div class=\"vc_column-inner vc_custom_1461310325332\"><div class=\"wpb_wrapper\">\r\n\t<div class=\"wpb_single_image wpb_single_image_2 wpb_content_element vc_align_left animate-element\" style='transition-delay:2200ms; -webkit-animation-delay:2200ms; -moz-animation-delay:2200ms; animation-delay:2200ms;' data-animation-class=\"fadeInUp2\">\r\n\t\t<div class=\"wpb_wrapper\">\r\n\t\t\t\r\n\t\t\t<div class=\"vc_single_image-wrapper   vc_box_border_grey\"><img loading=\"lazy\" decoding=\"async\" width=\"1024\" height=\"768\" src=\"https:\/\/soyutkaravan.com\/wp-content\/uploads\/2019\/04\/DSCF0095-1024x768.jpg\" class=\"vc_single_image-img attachment-full\" alt=\"\" srcset=\"https:\/\/soyutkaravan.com\/wp-content\/uploads\/2019\/04\/DSCF0095-1024x768.jpg 1024w, https:\/\/soyutkaravan.com\/wp-content\/uploads\/2019\/04\/DSCF0095-1024x768-300x225.jpg 300w, https:\/\/soyutkaravan.com\/wp-content\/uploads\/2019\/04\/DSCF0095-1024x768-768x576.jpg 768w, https:\/\/soyutkaravan.com\/wp-content\/uploads\/2019\/04\/DSCF0095-1024x768-700x525.jpg 700w, https:\/\/soyutkaravan.com\/wp-content\/uploads\/2019\/04\/DSCF0095-1024x768-600x450.jpg 600w\" sizes=\"auto, (max-width: 1024px) 100vw, 1024px\" \/><\/div>\r\n\t\t<\/div>\r\n\t<\/div>\r\n<\/div><\/div><\/div><\/div><\/div><\/div><\/div><div class=\"container-fluid row_section\"><div  class=\"vc_row wpb_row vc_row-fluid vc_custom_1457953366882 vc_column-gap-30 rdy_vc_row-o-equal-height rdy_vc_row-flex vc_row-69e746959df3a380555089\"   style=' text-align:left;'><div class=\"row-container container-fluid\"><div class=\"row-inner\"><div class=\"wpb_column vc_column_container vc_col-sm-2 vc_col-lg-2 vc_col-md-1 vc_hidden-sm vc_hidden-xs vc_column_container_69e746959dfc9563111029\"><div class=\"vc_column-inner\"><div class=\"wpb_wrapper\"><\/div><\/div><\/div><div class=\"wpb_column vc_column_container vc_col-sm-5 vc_col-lg-4 vc_col-md-4 vc_hidden-xs vc_column_container_69e746959e02d929276450\" data-parallax='{\"y\": -70, \"smoothness\": 30}'><div class=\"vc_column-inner vc_custom_1461310293901\"><div class=\"wpb_wrapper\">\r\n\t<div class=\"wpb_single_image wpb_single_image_3 wpb_content_element vc_align_left animate-element\" style='transition-delay:550ms; -webkit-animation-delay:550ms; -moz-animation-delay:550ms; animation-delay:550ms;' data-animation-class=\"fadeInUp2\">\r\n\t\t<div class=\"wpb_wrapper\">\r\n\t\t\t\r\n\t\t\t<div class=\"vc_single_image-wrapper   vc_box_border_grey\"><img loading=\"lazy\" decoding=\"async\" width=\"2250\" height=\"1500\" src=\"https:\/\/soyutkaravan.com\/wp-content\/uploads\/2019\/04\/CX3M7249.jpg\" class=\"vc_single_image-img attachment-full\" alt=\"\" srcset=\"https:\/\/soyutkaravan.com\/wp-content\/uploads\/2019\/04\/CX3M7249.jpg 2250w, https:\/\/soyutkaravan.com\/wp-content\/uploads\/2019\/04\/CX3M7249-300x200.jpg 300w, https:\/\/soyutkaravan.com\/wp-content\/uploads\/2019\/04\/CX3M7249-768x512.jpg 768w, https:\/\/soyutkaravan.com\/wp-content\/uploads\/2019\/04\/CX3M7249-1024x683.jpg 1024w, https:\/\/soyutkaravan.com\/wp-content\/uploads\/2019\/04\/CX3M7249-700x467.jpg 700w, https:\/\/soyutkaravan.com\/wp-content\/uploads\/2019\/04\/CX3M7249-900x600.jpg 900w, https:\/\/soyutkaravan.com\/wp-content\/uploads\/2019\/04\/CX3M7249-1200x800.jpg 1200w, https:\/\/soyutkaravan.com\/wp-content\/uploads\/2019\/04\/CX3M7249-600x400.jpg 600w\" sizes=\"auto, (max-width: 2250px) 100vw, 2250px\" \/><\/div>\r\n\t\t<\/div>\r\n\t<\/div>\r\n<\/div><\/div><\/div><div class=\"wpb_column vc_column_container vc_col-sm-6 vc_col-lg-4 vc_col-md-6 vc_col-xs-12 vc_column_container_69e746959e4d7395029981 animate-element column_vertical_align_center\" data-animation-class=\"fadeInUp2\" style=\"transition-delay:250ms; -webkit-animation-delay:250ms; animation-delay:250ms;\"><div class=\"vc_column-inner vc_custom_1461140960170\"><div class=\"wpb_wrapper\"><div class=\"vc_custom_heading vc_custom_1554635521910 vc_custom_heading_69e746959e5bb688675481\" ><h2 style=\"font-size: 40px;color: #333333;text-align: left;font-family:Merriweather;font-weight:400;font-style:normal;line-height: 150% !important\" class=\"responsive-h5\"><span class=\"hilight\"  >Louer<\/span><\/h2><\/div>\n\t<div class=\"wpb_text_column_4 wpb_text_column wpb_content_element\">\n\t\t<div class=\"wpb_wrapper\" >\n\t\t\t<p>Avec notre approche unique dans le service de location de caravanes, nous vous pr\u00e9parons pour des vacances enti\u00e8rement \u00e9quip\u00e9es. Tout ce dont vous pourriez avoir besoin dans une chambre d'h\u00f4tel vous sera fourni lorsque vous louez un Karavan Soyut. Ce s\u00e9jour, o\u00f9 vous pouvez partir avec juste votre valise, peut se transformer en une aventure tr\u00e8s amusante pour vous.<\/p>\n<p>Vous pouvez louer nos caravanes sp\u00e9cialement con\u00e7ues pour les tournages de s\u00e9ries et de films, les caravanes de maquillage, les caravanes de vestiaires et de d\u00e9tente, les caravanes avec douche et toilettes, les caravanes de campement pour la recherche p\u00e9troli\u00e8re, les caravanes de bureau et de chantier, les caravanes de salle \u00e0 manger et de cuisine, les caravanes de stand et de vente pour les salons et les expositions, ainsi que les biblioth\u00e8ques mobiles sous forme de bus ou de remorques, pour des locations \u00e0 court ou long terme.<\/p>\n\n\t\t<\/div> \n\t<\/div> <div class=\"vc_empty_space\"   style=\"height: 30px\" ><span class=\"vc_empty_space_inner\"><\/span><\/div>\n<\/div><\/div><\/div><\/div><\/div><\/div><\/div><div class=\"container-fluid row_section\"><div  class=\"vc_row wpb_row vc_row-fluid vc_custom_1457953424703 vc_column-gap-30 vc_row-69e746959e752340049149\"   style=' text-align:left;'><div class=\"row-container container-fluid\"><div class=\"row-inner\"><div class=\"wpb_column vc_column_container vc_col-sm-2 vc_col-lg-2 vc_col-md-1 vc_hidden-sm vc_hidden-xs vc_column_container_69e746959e7dc020498500\"><div class=\"vc_column-inner\"><div class=\"wpb_wrapper\"><\/div><\/div><\/div><div class=\"wpb_column vc_column_container vc_col-sm-6 vc_col-lg-3 vc_col-md-6 vc_col-xs-12 vc_column_container_69e746959e838061670611 animate-element\" data-animation-class=\"fadeInUp2\" style=\"transition-delay:1550ms; -webkit-animation-delay:1550ms; animation-delay:1550ms;\"><div class=\"vc_column-inner\"><div class=\"wpb_wrapper\"><div class=\"vc_custom_heading vc_custom_1554635902127 vc_custom_heading_69e746959e8d3413375035\" ><h2 style=\"font-size: 40px;color: #333333;text-align: left;font-family:Merriweather;font-weight:400;font-style:normal;line-height: 150% !important\" class=\"responsive-h5\"><span class=\"hilight\"  >Zone de Camping-car et d'H\u00e9bergement<\/span><\/h2><\/div>\n\t<div class=\"wpb_text_column_5 wpb_text_column wpb_content_element\">\n\t\t<div class=\"wpb_wrapper\" >\n\t\t\t<p>Nous vous proposons une alternative pour louer le Soyut Karavan de votre choix ou utiliser votre propre caravane dans notre espace de camping-car exclusif. Notre installation bas\u00e9e \u00e0 Ankara offre une exp\u00e9rience unique en combinant le style de vie en caravane avec le confort moderne.<\/p>\n\n\t\t<\/div> \n\t<\/div> <div class=\"vc_empty_space\"   style=\"height: 30px\" ><span class=\"vc_empty_space_inner\"><\/span><\/div>\n<\/div><\/div><\/div><div class=\"wpb_column vc_column_container vc_col-sm-5 vc_col-lg-5 vc_col-md-4 vc_hidden-xs vc_column_container_69e746959e9e6950171533\" data-parallax='{\"y\": -70, \"smoothness\": 30}'><div class=\"vc_column-inner vc_custom_1461310325332\"><div class=\"wpb_wrapper\">\r\n\t<div class=\"wpb_single_image wpb_single_image_6 wpb_content_element vc_align_left animate-element\" style='transition-delay:770ms; -webkit-animation-delay:770ms; -moz-animation-delay:770ms; animation-delay:770ms;' data-animation-class=\"fadeInUp2\">\r\n\t\t<div class=\"wpb_wrapper\">\r\n\t\t\t\r\n\t\t\t<div class=\"vc_single_image-wrapper   vc_box_border_grey\"><img loading=\"lazy\" decoding=\"async\" width=\"2250\" height=\"1500\" src=\"https:\/\/soyutkaravan.com\/wp-content\/uploads\/2019\/04\/CX3M7258.jpg\" class=\"vc_single_image-img attachment-full\" alt=\"\" srcset=\"https:\/\/soyutkaravan.com\/wp-content\/uploads\/2019\/04\/CX3M7258.jpg 2250w, https:\/\/soyutkaravan.com\/wp-content\/uploads\/2019\/04\/CX3M7258-300x200.jpg 300w, https:\/\/soyutkaravan.com\/wp-content\/uploads\/2019\/04\/CX3M7258-768x512.jpg 768w, https:\/\/soyutkaravan.com\/wp-content\/uploads\/2019\/04\/CX3M7258-1024x683.jpg 1024w, https:\/\/soyutkaravan.com\/wp-content\/uploads\/2019\/04\/CX3M7258-700x467.jpg 700w, https:\/\/soyutkaravan.com\/wp-content\/uploads\/2019\/04\/CX3M7258-900x600.jpg 900w, https:\/\/soyutkaravan.com\/wp-content\/uploads\/2019\/04\/CX3M7258-1200x800.jpg 1200w, https:\/\/soyutkaravan.com\/wp-content\/uploads\/2019\/04\/CX3M7258-600x400.jpg 600w\" sizes=\"auto, (max-width: 2250px) 100vw, 2250px\" \/><\/div>\r\n\t\t<\/div>\r\n\t<\/div>\r\n<\/div><\/div><\/div><\/div><\/div><\/div><\/div><div class=\"container-fluid row_section\"><div  class=\"vc_row wpb_row vc_row-fluid vc_custom_1457953366882 vc_column-gap-30 rdy_vc_row-o-equal-height rdy_vc_row-flex vc_row-69e746959ef06365363658\"   style=' text-align:left;'><div class=\"row-container container-fluid\"><div class=\"row-inner\"><div class=\"wpb_column vc_column_container vc_col-sm-2 vc_col-lg-2 vc_col-md-1 vc_hidden-sm vc_hidden-xs vc_column_container_69e746959efd7563767973\"><div class=\"vc_column-inner\"><div class=\"wpb_wrapper\"><\/div><\/div><\/div><div class=\"wpb_column vc_column_container vc_col-sm-5 vc_col-lg-4 vc_col-md-4 vc_hidden-xs vc_column_container_69e746959f07d293325728\" data-parallax='{\"y\": -70, \"smoothness\": 30}'><div class=\"vc_column-inner vc_custom_1461310293901\"><div class=\"wpb_wrapper\">\r\n\t<div class=\"wpb_single_image wpb_single_image_7 wpb_content_element vc_align_left animate-element\" style='transition-delay:550ms; -webkit-animation-delay:550ms; -moz-animation-delay:550ms; animation-delay:550ms;' data-animation-class=\"fadeInUp2\">\r\n\t\t<div class=\"wpb_wrapper\">\r\n\t\t\t\r\n\t\t\t<div class=\"vc_single_image-wrapper   vc_box_border_grey\"><img loading=\"lazy\" decoding=\"async\" width=\"1600\" height=\"1200\" src=\"https:\/\/soyutkaravan.com\/wp-content\/uploads\/2019\/04\/CIMG0127.jpg\" class=\"vc_single_image-img attachment-full\" alt=\"\" srcset=\"https:\/\/soyutkaravan.com\/wp-content\/uploads\/2019\/04\/CIMG0127.jpg 1600w, https:\/\/soyutkaravan.com\/wp-content\/uploads\/2019\/04\/CIMG0127-300x225.jpg 300w, https:\/\/soyutkaravan.com\/wp-content\/uploads\/2019\/04\/CIMG0127-768x576.jpg 768w, https:\/\/soyutkaravan.com\/wp-content\/uploads\/2019\/04\/CIMG0127-1024x768.jpg 1024w, https:\/\/soyutkaravan.com\/wp-content\/uploads\/2019\/04\/CIMG0127-700x525.jpg 700w, https:\/\/soyutkaravan.com\/wp-content\/uploads\/2019\/04\/CIMG0127-1200x900.jpg 1200w, https:\/\/soyutkaravan.com\/wp-content\/uploads\/2019\/04\/CIMG0127-600x450.jpg 600w\" sizes=\"auto, (max-width: 1600px) 100vw, 1600px\" \/><\/div>\r\n\t\t<\/div>\r\n\t<\/div>\r\n<\/div><\/div><\/div><div class=\"wpb_column vc_column_container vc_col-sm-6 vc_col-lg-4 vc_col-md-6 vc_col-xs-12 vc_column_container_69e746959f500857024398 animate-element column_vertical_align_center\" data-animation-class=\"fadeInUp2\" style=\"transition-delay:250ms; -webkit-animation-delay:250ms; animation-delay:250ms;\"><div class=\"vc_column-inner vc_custom_1461140960170\"><div class=\"wpb_wrapper\"><div class=\"vc_custom_heading vc_custom_1554635935133 vc_custom_heading_69e74695a9af7852439353\" ><h2 style=\"font-size: 40px;color: #333333;text-align: left;font-family:Merriweather;font-weight:400;font-style:normal;line-height: 150% !important\" class=\"responsive-h5\"><span class=\"hilight\"  >Service Technique et Zone de Camping<\/span><\/h2><\/div>\n\t<div class=\"wpb_text_column_8 wpb_text_column wpb_content_element\">\n\t\t<div class=\"wpb_wrapper\" >\n\t\t\t<p>Nous fournissons un service technique 24h\/24 pour les produits que nous fabriquons ainsi que pour les produits des principales entreprises de caravanes du monde. Notre \u00e9quipe exp\u00e9riment\u00e9e et professionnelle assure l'entretien, les r\u00e9parations, l'approvisionnement en pi\u00e8ces de rechange et tout autre service technique de mani\u00e8re rapide et de qualit\u00e9 pour vos caravanes.<\/p>\n<p>Vous pouvez stationner votre caravane \u00e0 long terme dans notre parking situ\u00e9 \u00e0 Ankara lorsque vous ne l'utilisez pas et b\u00e9n\u00e9ficier de nos services d'entretien et de r\u00e9paration.<\/p>\n\n\t\t<\/div> \n\t<\/div> <div class=\"vc_empty_space\"   style=\"height: 30px\" ><span class=\"vc_empty_space_inner\"><\/span><\/div>\n<\/div><\/div><\/div><\/div><\/div><\/div><\/div>","protected":false},"excerpt":{"rendered":"Soyut Karavan1974'den beri hayalinizi tasarl\u0131yoruz.M\u00fchendislik &amp; Tasar\u0131m Soyut Karavan geleneksel anlamda bir ev, bir ofis de\u011fil, tasar\u0131m ve uygulama alan\u0131nda farkl\u0131 projeleriyle her zaman kar\u015f\u0131n\u0131za \u00e7\u0131kabilecek farkl\u0131 \u00fcretimi ve dizayn\u0131 [...]","protected":false},"author":1,"featured_media":0,"parent":0,"menu_order":0,"comment_status":"closed","ping_status":"closed","template":"","meta":{"_monsterinsights_skip_tracking":false,"_monsterinsights_sitenote_active":false,"_monsterinsights_sitenote_note":"","_monsterinsights_sitenote_category":0,"footnotes":""},"class_list":["post-6582","page","type-page","status-publish","hentry"],"aioseo_notices":[],"_links":{"self":[{"href":"https:\/\/soyutkaravan.com\/fr\/wp-json\/wp\/v2\/pages\/6582","targetHints":{"allow":["GET"]}}],"collection":[{"href":"https:\/\/soyutkaravan.com\/fr\/wp-json\/wp\/v2\/pages"}],"about":[{"href":"https:\/\/soyutkaravan.com\/fr\/wp-json\/wp\/v2\/types\/page"}],"author":[{"embeddable":true,"href":"https:\/\/soyutkaravan.com\/fr\/wp-json\/wp\/v2\/users\/1"}],"replies":[{"embeddable":true,"href":"https:\/\/soyutkaravan.com\/fr\/wp-json\/wp\/v2\/comments?post=6582"}],"version-history":[{"count":9,"href":"https:\/\/soyutkaravan.com\/fr\/wp-json\/wp\/v2\/pages\/6582\/revisions"}],"predecessor-version":[{"id":10853,"href":"https:\/\/soyutkaravan.com\/fr\/wp-json\/wp\/v2\/pages\/6582\/revisions\/10853"}],"wp:attachment":[{"href":"https:\/\/soyutkaravan.com\/fr\/wp-json\/wp\/v2\/media?parent=6582"}],"curies":[{"name":"wp","href":"https:\/\/api.w.org\/{rel}","templated":true}]}}